{"id":11,"date":"2015-01-20T14:09:06","date_gmt":"2015-01-20T14:09:06","guid":{"rendered":"http:\/\/huette.daniundreini.info\/?page_id=11"},"modified":"2015-01-27T19:44:42","modified_gmt":"2015-01-27T18:44:42","slug":"test","status":"publish","type":"page","link":"https:\/\/huette.daniundreini.info\/","title":{"rendered":"Home"},"content":{"rendered":"<p>mein 30. Geburtstag und damit unsere H\u00fcttenwoche r\u00fccken immer n\u00e4her. Deshalb schick ich euch mal kurz die wichtigsten Infos.<\/p>\n<p>Wir haben uns f\u00fcr die N\u00f6sslau Alm bei Dienten am Hochk\u00f6nig entschieden. \u00dcber die genaue Ausstattung und Lage der H\u00fctte k\u00f6nnt ihr euch auch nochmal auf der Homepage informieren. <a href=\"http:\/\/www.stegerbauer.at\/noesslau-alm\/\">http:\/\/www.stegerbauer.at\/noesslau-alm\/<\/a>.<\/p>\n<p>Mitbringen solltet ihr:<\/p>\n<ul>\n<li>Bettw\u00e4sche<\/li>\n<li>Badezeug<\/li>\n<li>H\u00fcttenhausschuhe<\/li>\n<li>Waschzeug<\/li>\n<li>Handt\u00fccher<\/li>\n<li>Ski-\/Snowbordzeug<\/li>\n<li>Was ihr sonst so zum anziehen braucht<\/li>\n<li>Spiele (Bitte gebt mir bescheid unter https:\/\/huette.daniundreini.info , was ihr mitbringt)<\/li>\n<\/ul>\n<p>F\u00fcr fl\u00fcssige und feste Verpflegung sorgen wir. Falls ihr noch irgendwelche Schnapsreste zuhause stehen habt, d\u00fcrft ihr die aber auch gerne mitbringen.<\/p>\n<p>Auf <a title=\"Blog\" href=\"https:\/\/huette.daniundreini.info\/?page_id=27\">dieser Seite <\/a>k\u00f6nnt ihr euch austauschen was ihr an Spielen\/Schnaps mitbringt.\u00a0 Au\u00dferdem findet ihr der Seite sonstige aktuelle Infos.<\/p>\n<p>Wir haben pro \u00dcbernachtung pro Person eine Pauschale von <strong>30 Euro <\/strong>veranschlagt. Darin enthalten sind \u00dcbernachtung, Endreinigung und Verpflegung. Da der Bierverbrauch sehr stark Personenabh\u00e4ngig ist werden wir f\u00fcr das Bier wieder eine Strichliste aufh\u00e4ngen. Was ihr nach der Endabrechnung zu viel bezahlt habt bekommt ihr nat\u00fcrlich wieder ausbezahlt oder k\u00f6nnt ihr der \u201eH\u00fcttenfreunde\u201c Vereinskasse spenden ;-).<\/p>\n<p>Ich freu mich auf euch und eine tolle H\u00fcttenwoche!!<\/p>\n","protected":false},"excerpt":{"rendered":"<p>mein 30. Geburtstag und damit unsere H\u00fcttenwoche r\u00fccken immer n\u00e4her. Deshalb schick ich euch mal kurz die wichtigsten Infos. Wir haben uns f\u00fcr die N\u00f6sslau Alm bei Dienten am Hochk\u00f6nig entschieden. \u00dcber die genaue Ausstattung und Lage der H\u00fctte k\u00f6nnt ihr euch auch nochmal auf der Homepage informieren. http:\/\/www.stegerbauer.at\/noesslau-alm\/. Mitbringen solltet ihr: Bettw\u00e4sche Badezeug H\u00fcttenhausschuhe &hellip; <a href=\"https:\/\/huette.daniundreini.info\/\" class=\"more-link\"><span class=\"screen-reader-text\">Home<\/span> weiterlesen <span class=\"meta-nav\">&rarr;<\/span><\/a><\/p>\n","protected":false},"author":1,"featured_media":0,"parent":0,"menu_order":0,"comment_status":"open","ping_status":"open","template":"page-templates\/full-width.php","meta":[],"_links":{"self":[{"href":"https:\/\/huette.daniundreini.info\/index.php?rest_route=\/wp\/v2\/pages\/11"}],"collection":[{"href":"https:\/\/huette.daniundreini.info\/index.php?rest_route=\/wp\/v2\/pages"}],"about":[{"href":"https:\/\/huette.daniundreini.info\/index.php?rest_route=\/wp\/v2\/types\/page"}],"author":[{"embeddable":true,"href":"https:\/\/huette.daniundreini.info\/index.php?rest_route=\/wp\/v2\/users\/1"}],"replies":[{"embeddable":true,"href":"https:\/\/huette.daniundreini.info\/index.php?rest_route=%2Fwp%2Fv2%2Fcomments&post=11"}],"version-history":[{"count":7,"href":"https:\/\/huette.daniundreini.info\/index.php?rest_route=\/wp\/v2\/pages\/11\/revisions"}],"predecessor-version":[{"id":43,"href":"https:\/\/huette.daniundreini.info\/index.php?rest_route=\/wp\/v2\/pages\/11\/revisions\/43"}],"wp:attachment":[{"href":"https:\/\/huette.daniundreini.info\/index.php?rest_route=%2Fwp%2Fv2%2Fmedia&parent=11"}],"curies":[{"name":"wp","href":"https:\/\/api.w.org\/{rel}","templated":true}]}}